{"id":93,"date":"2017-05-31T05:05:41","date_gmt":"2017-05-31T09:05:41","guid":{"rendered":"https:\/\/import.themovation.com\/embark\/walking-tours\/?page_id=167"},"modified":"2026-03-02T20:47:07","modified_gmt":"2026-03-03T00:47:07","slug":"contact","status":"publish","type":"page","link":"https:\/\/hotelplayacolibri.com\/en\/contact\/","title":{"rendered":"Contact"},"content":{"rendered":"<h1>Get in touch with Us<\/h1>\n<p>If you have any questions feel free to contact us!<\/p>\n<h4>Give Us a Call<\/h4>\n<p>+1 829 659 3447<\/p>\n<h4>For Reservation<\/h4>\n<p>comercial@hotelplayacolibri.com<\/p>\n<h4>Our location<\/h4>\n<p>Calle Francisco Alberto Caama\u00f1o De\u00f1\u00f3, Las Terrenas, Saman\u00e1.<\/p>\n<form id=\"form_contact3\" enctype=\"multipart\/form-data\" method=\"post\">\n<fieldset><input name=\"frm_action\" type=\"hidden\" value=\"create\" \/><br \/>\n<input name=\"form_id\" type=\"hidden\" value=\"3\" \/><br \/>\n<input id=\"frm_hide_fields_3\" name=\"frm_hide_fields_3\" type=\"hidden\" value=\"\" \/><br \/>\n<input name=\"form_key\" type=\"hidden\" value=\"contact3\" \/><br \/>\n<input name=\"item_meta[0]\" type=\"hidden\" value=\"\" \/><br \/>\n<input id=\"frm_submit_entry_3\" name=\"frm_submit_entry_3\" type=\"hidden\" value=\"56da59fa55\" \/><input name=\"_wp_http_referer\" type=\"hidden\" value=\"\/wp-admin\/admin-ajax.php\" \/><label for=\"frm_verify_3\">If you are human, leave this field blank.<\/label><br \/>\n<input id=\"frm_verify_3\" name=\"frm_verify\" type=\"text\" value=\"\" \/><br \/>\n<label for=\"field_xipbjr3\">Name<br \/>\n*<br \/>\n<\/label><br \/>\n<input id=\"field_xipbjr3\" name=\"item_meta[9]\" type=\"text\" value=\"\" placeholder=\"Name\" data-reqmsg=\"This field cannot be blank.\" aria-required=\"true\" data-invmsg=\"Name is invalid\" \/><br \/>\n<label for=\"field_jaehy83\">Email<br \/>\n*<br \/>\n<\/label><br \/>\n<input id=\"field_jaehy83\" name=\"item_meta[10]\" type=\"text\" value=\"\" placeholder=\"Email\" data-reqmsg=\"This field cannot be blank.\" aria-required=\"true\" data-invmsg=\"Email is invalid\" \/><br \/>\n<label for=\"field_cqpguu3\">Phone<br \/>\n<\/label><br \/>\n<input id=\"field_cqpguu3\" name=\"item_meta[11]\" type=\"text\" value=\"\" placeholder=\"Phone\" data-invmsg=\"Phone is invalid\" \/><br \/>\n<label for=\"field_w7ueyk3\">Subject<br \/>\n*<br \/>\n<\/label><br \/>\n<input id=\"field_w7ueyk3\" name=\"item_meta[12]\" type=\"text\" value=\"\" placeholder=\"Subject\" data-reqmsg=\"This field cannot be blank.\" aria-required=\"true\" data-invmsg=\"Subject is invalid\" \/><br \/>\n<label for=\"field_kggkvh3\">Message<br \/>\n*<br \/>\n<\/label><br \/>\n<textarea id=\"field_kggkvh3\" name=\"item_meta[13]\" rows=\"5\" placeholder=\"Message\" data-reqmsg=\"This field cannot be blank.\" aria-required=\"true\" data-invmsg=\"Message is invalid\"><\/textarea><br \/>\n<input name=\"item_key\" type=\"hidden\" value=\"\" \/><br \/>\n<input type=\"submit\" value=\"Send\" \/><br \/>\n<img decoding=\"async\" style=\"visibility: hidden;\" src=\"http:\/\/nuevo.hotelplayacolibri.com\/wp-content\/plugins\/formidable\/images\/ajax_loader.gif\" alt=\"Sending\" \/><\/fieldset>\n<\/form>\n<p><iframe style=\"border: 0;\" src=\"https:\/\/www.google.com\/maps\/embed?pb=!1m14!1m8!1m3!1d4417.0526902739475!2d-69.55086084699505!3d19.324290797493234!3m2!1i1024!2i768!4f13.1!3m3!1m2!1s0x0%3A0xd5e55f06c8db17c6!2sHotel+Playa+Colibri!5e1!3m2!1ses!2sdo!4v1554363011992!5m2!1ses!2sdo\" width=\"100%\" height=\"450\" frameborder=\"0\" allowfullscreen=\"allowfullscreen\"><\/iframe><\/p>\n","protected":false},"excerpt":{"rendered":"<p>Get in touch with Us If you have any questions feel free to contact us! Give Us a Call +1 829 659 3447 For Reservation comercial@hotelplayacolibri.com Our location Calle Francisco Alberto Caama\u00f1o De\u00f1\u00f3, Las Terrenas, Saman\u00e1. If you are human, &hellip; <a href=\"https:\/\/hotelplayacolibri.com\/en\/contact\/\">Read More<\/a><\/p>\n","protected":false},"author":1,"featured_media":0,"parent":0,"menu_order":10,"comment_status":"closed","ping_status":"closed","template":"","meta":{"footnotes":""},"class_list":["post-93","page","type-page","status-publish","hentry"],"_links":{"self":[{"href":"https:\/\/hotelplayacolibri.com\/en\/wp-json\/wp\/v2\/pages\/93","targetHints":{"allow":["GET"]}}],"collection":[{"href":"https:\/\/hotelplayacolibri.com\/en\/wp-json\/wp\/v2\/pages"}],"about":[{"href":"https:\/\/hotelplayacolibri.com\/en\/wp-json\/wp\/v2\/types\/page"}],"author":[{"embeddable":true,"href":"https:\/\/hotelplayacolibri.com\/en\/wp-json\/wp\/v2\/users\/1"}],"replies":[{"embeddable":true,"href":"https:\/\/hotelplayacolibri.com\/en\/wp-json\/wp\/v2\/comments?post=93"}],"version-history":[{"count":6,"href":"https:\/\/hotelplayacolibri.com\/en\/wp-json\/wp\/v2\/pages\/93\/revisions"}],"predecessor-version":[{"id":2352,"href":"https:\/\/hotelplayacolibri.com\/en\/wp-json\/wp\/v2\/pages\/93\/revisions\/2352"}],"wp:attachment":[{"href":"https:\/\/hotelplayacolibri.com\/en\/wp-json\/wp\/v2\/media?parent=93"}],"curies":[{"name":"wp","href":"https:\/\/api.w.org\/{rel}","templated":true}]}}