{"id":201,"date":"2019-03-25T17:22:05","date_gmt":"2019-03-25T21:22:05","guid":{"rendered":"http:\/\/nuevo.hotelplayacolibri.com\/?page_id=3"},"modified":"2019-04-25T01:17:01","modified_gmt":"2019-04-25T05:17:01","slug":"policies","status":"publish","type":"page","link":"https:\/\/hotelplayacolibri.com\/es\/policies\/","title":{"rendered":"Politicas"},"content":{"rendered":"<div data-elementor-type=\"wp-post\" data-elementor-id=\"201\" class=\"elementor elementor-201\">\n\t\t\t\t\t\t<section class=\"elementor-section elementor-top-section elementor-element elementor-element-41bec885 elementor-section-boxed elementor-section-height-default elementor-section-height-default\" data-id=\"41bec885\" data-element_type=\"section\" data-e-type=\"section\" data-settings=\"{&quot;background_background&quot;:&quot;classic&quot;}\">\n\t\t\t\t\t\t<div class=\"elementor-container elementor-column-gap-default\">\n\t\t\t\t\t<div class=\"elementor-column elementor-col-100 elementor-top-column elementor-element elementor-element-288742ff\" data-id=\"288742ff\" data-element_type=\"column\" data-e-type=\"column\">\n\t\t\t<div class=\"elementor-widget-wrap elementor-element-populated\">\n\t\t\t\t\t\t<div class=\"elementor-element elementor-element-8a58530 elementor-widget elementor-widget-text-editor\" data-id=\"8a58530\" data-element_type=\"widget\" data-e-type=\"widget\" data-widget_type=\"text-editor.default\">\n\t\t\t\t<div class=\"elementor-widget-container\">\n\t\t\t\t\t\t\t\t\t<h2 style=\"\">Pol\u00edticas de Reserva, Cancelaci\u00f3n, Reembolso y Servicio<\/h2>\n<p>                        <strong class=\"title\">Pol\u00edtica<\/strong><\/p>\n<p class=\"text-justify\">Para confirmar la estad\u00eda, el hotel cobra el equivalente a una noche de su tarjeta de cr\u00e9dito en el momento de la recibir la reserva.<br>                        Aceptamos Visa, MasterCard y American Express<\/p>\n<p>                        <strong class=\"title\">Pol\u00edtica de Cancelaci\u00f3n y Reembolso<\/strong><\/p>\n<p class=\"text-justify\">Las cancelaciones deben ser enviadas a reception@hotelplayacolibri.com, con referencia de su nombre, fecha de llegada y el n\u00famero de reserva.<br>                            La cancelaci\u00f3n es libre cuando se hace por lo menos 48 horas antes de la llegada. En ese caso, se har\u00e1 un reembolso del pago.<br>                            Para las tarjetas nacionales, el retorno se procesa en tres d\u00edas h\u00e1biles.<br>                            Para las tarjetas internacionales, el retorno se procesa en cinco d\u00edas laborables.<br>                        En caso de que el cliente cancela fuera de plazo o no llega en la fecha reservada, la noche cargada se convierte en una penalidad no-reembolsable.<\/p>\n<p>                        <strong class=\"title\">Pol\u00edtica de Servicio<\/strong> <\/p>\n<p class=\"text-justify\">Preparamos el alojamiento para hu\u00e9spedes 15:00 en la fecha reservada. Los objetos disponibles durante el registro son:<\/p>\n<div class=\"text-justify\">\n<li>Llave(s) del apartamento<\/li>\n<li>Llave de la caja fuerte<\/li>\n<li>Vouchers que pueden ser intercambiados por toallas de playa<\/li>\n<li>Brazaletes de identificaci\u00f3n<\/li>\n<li>Control Remoto del TV<\/li>\n<li> Control(es) remoto(s) de los equipos de aire acondicionado<\/li>\n<\/div>\n<p class=\"text-justify\">Estos art\u00edculos tienen un valor en caso de p\u00e9rdida. Los valores se especifican en el formulario de registro que llena el hu\u00e9sped durante el Check In.<\/p>\n<p class=\"text-justify\"><strong>Las tarifas incluyen<\/strong> Desayuno en la playa, A \/ C, TV por cable, Internet WI-FI, limpieza diaria, caja de seguridad, el uso de la piscina con jacuzzi estacionamiento privado y vigilancia. La residencia cuenta con una planta el\u00e9ctrica y los apartamentos est\u00e1n equipados con una cocina completa.<\/p>\n<p class=\"text-justify\">El cliente debe devolver el alojamiento y los elementos especificados anteriormente no m\u00e1s tarde de 13:00 en la fecha de salida reservada. En caso de prolongaci\u00f3n de la estancia, le pedimos que consulte con el departamento de recepci\u00f3n con antelaci\u00f3n para confirmar la disponibilidad y hacer los arreglos necesarios.<\/p>\n<h2 style=\"font-weight: 500\">Politica de Privacidad<\/h2>\n<p class=\"text-justify\"> Nos tomamos en serio su privacidad y queremos que sepa c\u00f3mo recopilamos, usamos, y protegemos su informaci\u00f3n.<\/p>\n<p>                        <strong class=\"title\">La Pol\u00edtica de privacidad le dice:<\/strong><\/p>\n<p class=\"text-justify\">Esta Pol\u00edtica se aplica a HOTEL PLAYA COLIBRI. Podemos publicar informaci\u00f3n adicional si se necesitaran m\u00e1s detalles para explicar nuestras pol\u00edticas de privacidad.<\/p>\n<p>                        <b>INFORMACI\u00d3N QUE RECOPILAMOS<\/b><\/p>\n<p>                        <strong class=\"title\">Informaci\u00f3n que usted nos suministra<\/strong><\/p>\n<p class=\"text-justify\">Recopilamos y guardamos informaci\u00f3n que proporciona a trav\u00e9s de nuestro Sitios web, aplicaciones m\u00f3viles o en nuestro hotel. Por ejemplo, recopilamos informaci\u00f3n cuando usted realiza una reserva nos llama para hacer una pregunta, escribe una rese\u00f1a o usa alguno de nuestros servicios.<\/p>\n<p class=\"text-justify\">La informaci\u00f3n que recopilamos incluye datos como:<\/p>\n<li>Su nombre<\/li>\n<li>Su direcci\u00f3n postal<\/li>\n<li>Su correo electronico<\/li>\n<li>Su n\u00famero de tel\u00e9fono<\/li>\n<li>Nacionalidad<\/li>\n<p>                        <strong class=\"title\">Recopilaci\u00f3n de informaci\u00f3n en l\u00ednea autom\u00e1tica<\/strong><\/p>\n<p class=\"text-justify\">Reunimos informaci\u00f3n relacionada con sus interacciones con nuestro Sitios web y aplicaciones para crear una experiencia superior y personalizada.<\/p>\n<p>                        <strong class=\"title\">C\u00d3MO USAMOS LA INFORMACI\u00d3N QUE RECOPILAMOS<\/strong><\/p>\n<p class=\"text-justify\">Usamos la informaci\u00f3n que recopilamos para por ejemplo:<\/p>\n<li>Administrar nuestro programa de fidelizaci\u00f3n<\/li>\n<li>Mercadeo y publicidad de productos y servicios<\/li>\n<li>Comunicar eventos especiales, concursos, promociones y encuestas<\/li>\n<p><strong class=\"title\"><br><\/strong><\/p>\n<p>                        <strong class=\"title\">C\u00d3MO COMPARTIMOS LA INFORMACI\u00d3N QUE RECOPILAMOS<\/strong><\/p>\n<p class=\"text-justify\">Hotel Playa Colibri no vende ni alquila su informaci\u00f3n personal a terceros.<br>                            De vez en cuando es posible que se nos requiera compartir informaci\u00f3n personal como respuesta a una regulaci\u00f3n, orden judicial o citaci\u00f3n. Tambi\u00e9n podr\u00edamos compartir informaci\u00f3n cuando consideremos que es necesario para cumplir con la ley. Tambi\u00e9n podr\u00edamos compartir informaci\u00f3n para responder a un requisito gubernamental o cuando creamos que una aclaraci\u00f3n es necesaria o apropiada para proteger los derechos, la propiedad y la seguridad de Hotel Playa Colibri, nuestros clientes u otros; para evitar da\u00f1os o p\u00e9rdidas; o en conexi\u00f3n con una investigaci\u00f3n sobre una actividad delictiva supuesta o real.<br>                            Tambi\u00e9n podr\u00edamos compartir informaci\u00f3n personal en caso de una venta corporativa, fusi\u00f3n, adquisici\u00f3n, disoluci\u00f3n o evento similar. Le notificaremos mediante e-mail y\/o un aviso destacado en nuestro Sitio web sobre cualquier cambio en la propiedad, al igual que las opciones que tenga con respecto a su informaci\u00f3n personal.<br>                            Tambi\u00e9n podr\u00edamos compartir informaci\u00f3n personal en conexi\u00f3n con ofertas de productos o servicios de marcas compartidas.\n\t\t\t\t\t\t<\/p>\n<p>\t\t\t\t\t\t<strong class=\"title\">C\u00d3MO PROTEGEMOS LA INFORMACI\u00d3N QUE RECOPILAMOS<\/strong><\/p>\n<p class=\"text-justify\">Ya sea que haga una reserva en l\u00ednea, usamos medidas de seguridad razonables para proteger la confidencialidad de su informaci\u00f3n personal bajo nuestro control y limitamos el acceso a la misma apropiadamente.<br>                            Usamos una variedad de medidas de seguridad de informaci\u00f3n para proteger sus interacciones en l\u00ednea con nosotros.\n\t\t\t\t\t\t<\/p>\n<p>\t\t\t\t\t\t<strong class=\"title\">PROTECCI\u00d3N DE LA PRIVACIDAD DE LOS NI\u00d1OS<\/strong><\/p>\n<p class=\"text-justify\">Estamos comprometidos con la protecci\u00f3n de la privacidad de los ni\u00f1os en internet y no recopilamos intencionalmente informaci\u00f3n personal de ni\u00f1os menores de 13 a\u00f1os de edad.<\/p>\n<p>\t\t\t\t\t\t<strong class=\"title\">ENLACES A OTROS SITIOS WEB<\/strong><\/p>\n<p class=\"text-justify\">Nuestro Sitio web redirecciona a otros sitios web, muchos de los cuales tienen sus propias pol\u00edticas de privacidad. Aseg\u00farese de revisar la pol\u00edtica de privacidad del sitio web que est\u00e1 visitando.<\/p>\n<p>\t\t\t\t\t\t<strong class=\"title\">ACTUALIZACIONES DE LA POL\u00cdTICA DE PRIVACIDAD<\/strong><\/p>\n<p class=\"text-justify\">Podr\u00edamos necesitar actualizar nuestra Pol\u00edtica de privacidad ya que Hotel Playa Colibri y nuestros clientes crecen y evolucionan. Si hacemos cambios materiales, le avisaremos por e-mail (enviado a la direcci\u00f3n proporcionada en su cuenta) o por medio de un aviso en este sitio web antes de que el cambio entre en vigencia, y tambi\u00e9n le informaremos sobre las opciones que puede tener con respecto a estos cambios.<\/p>\t\t\t\t\t\t\t\t<\/div>\n\t\t\t\t<\/div>\n\t\t\t\t\t<\/div>\n\t\t<\/div>\n\t\t\t\t\t<\/div>\n\t\t<\/section>\n\t\t\t\t<\/div>","protected":false},"excerpt":{"rendered":"<p>Reservation, Cancellation, Refund and Service Policies Reservation Policy To confirm the stay the hotel charges the equivalent of one night to your credit card at the time of receiving the reservation. We accept Visa, MasterCard, and American Express. Cancellation and &hellip; <a href=\"https:\/\/hotelplayacolibri.com\/es\/policies\/\">Read More<\/a> &hellip; <a href=\"https:\/\/hotelplayacolibri.com\/es\/policies\/\">Read More<\/a><\/p>","protected":false},"author":1,"featured_media":0,"parent":0,"menu_order":0,"comment_status":"closed","ping_status":"closed","template":"","meta":{"footnotes":""},"class_list":["post-201","page","type-page","status-publish","hentry"],"_links":{"self":[{"href":"https:\/\/hotelplayacolibri.com\/es\/wp-json\/wp\/v2\/pages\/201","targetHints":{"allow":["GET"]}}],"collection":[{"href":"https:\/\/hotelplayacolibri.com\/es\/wp-json\/wp\/v2\/pages"}],"about":[{"href":"https:\/\/hotelplayacolibri.com\/es\/wp-json\/wp\/v2\/types\/page"}],"author":[{"embeddable":true,"href":"https:\/\/hotelplayacolibri.com\/es\/wp-json\/wp\/v2\/users\/1"}],"replies":[{"embeddable":true,"href":"https:\/\/hotelplayacolibri.com\/es\/wp-json\/wp\/v2\/comments?post=201"}],"version-history":[{"count":4,"href":"https:\/\/hotelplayacolibri.com\/es\/wp-json\/wp\/v2\/pages\/201\/revisions"}],"predecessor-version":[{"id":947,"href":"https:\/\/hotelplayacolibri.com\/es\/wp-json\/wp\/v2\/pages\/201\/revisions\/947"}],"wp:attachment":[{"href":"https:\/\/hotelplayacolibri.com\/es\/wp-json\/wp\/v2\/media?parent=201"}],"curies":[{"name":"wp","href":"https:\/\/api.w.org\/{rel}","templated":true}]}}