{"id":73,"date":"2018-12-17T13:07:38","date_gmt":"2018-12-17T17:07:38","guid":{"rendered":"https:\/\/master.themovation.com\/bellevue\/apartments\/?page_id=2157"},"modified":"2026-03-29T19:10:33","modified_gmt":"2026-03-29T23:10:33","slug":"home","status":"publish","type":"page","link":"https:\/\/hotelplayacolibri.com\/es\/","title":{"rendered":"Home"},"content":{"rendered":"<ul>\n<li>\n\t\t\t\t\t<\/li>\n<li>\n\t\t\t\t\t<\/li>\n<li>\n\t\t\t\t\t<\/li>\n<li>\n\t\t\t\t\t<\/li>\n<li>\n\t\t\t\t\t<\/li>\n<li>\n\t\t\t\t\t<\/li>\n<li>\n\t\t\t\t\t<\/li>\n<li>\n\t\t\t\t\t<\/li>\n<\/ul>\n<h2>\n                        Apartamentos e Instalaciones                    <\/h2>\n<\/p>\n<h3>\n                                            <\/h3>\n<p><p>Located on the beautiful coast of Las Ballenas beach in Las Terrenas, Samana, Hotel Playa Colibri offers a family environment with a strong emphasis on guest care.<br \/>\nIn a tropical garden setting, 45 apartments of varied size are situated around a swimming pool and Jacuzzi. <br \/>Cada unidad cuenta con aire acondicionado, ventiladores, Wi-Fi, televisi\u00f3n por cable, secador de pelo, una caja fuerte, balc\u00f3n \/ terraza y una cocina totalmente equipada. opciones de comidas, aparcamiento privado, un generador de energ\u00eda el\u00e9ctrica, seguridad las 24 horas, todos los d\u00edas y limpieza est\u00e1n incluidos en su estancia.<\/p>\n<\/p>\n<h3>\n                                            <\/h3>\n<p><p>El Kiosko Bar &amp; Restaurant prepara una variedad de apetitosos platos y bebidas tropicales. Happy Hours regulares y un servicio de cena rom\u00e1ntica con una magn\u00edfica vista de la costa norte aseguran una experiencia memorable. <br \/>El desayuno est\u00e1 incluido en nuestras tarifas por noche, aunque la mitad de pensiones y planes de comidas pensi\u00f3n completa tambi\u00e9n puede ser reservado. eventos de grupos, bodas y fiestas son especialmente cotizados a petici\u00f3n.<br \/>\nAll rates include a welcome cocktail, breakfast\/additional meal plans, air conditioning, fans, Wi-Fi, cable T-V, blow dryer, safe box, private parking, 24 hour security, daily cleaning and an electricity generator*.<br \/>\n*Air conditioning is the only service affected during power outages.<\/p>\n<\/p>\n<p>                                <a href=\"https:\/\/hotelplayacolibri.com\/es\/accommodation\/type-b\/\" ><br \/>\n                                                            <img fetchpriority=\"high\" decoding=\"async\" width=\"605\" height=\"605\" src=\"https:\/\/hotelplayacolibri.com\/wp-content\/uploads\/2019\/03\/Tipo-B-01-2020-605x605.jpg\" alt=\"\" \/>                                                                    <\/p>\n<p>From 169$USD\/night<\/p>\n<h3>Tipo B<\/h3>\n<p>1 Habitaci\u00f3n, 1 Ba\u00f1o - Hasta 2 Personas<\/p>\n<p>                                    <\/a><br \/>\n                                <a href=\"https:\/\/hotelplayacolibri.com\/es\/accommodation\/type-b-plus\/\" ><br \/>\n                                                            <img decoding=\"async\" width=\"605\" height=\"605\" src=\"https:\/\/hotelplayacolibri.com\/wp-content\/uploads\/2019\/03\/b-plus-01-1-605x605.jpg\" alt=\"\" \/>                                                                    <\/p>\n<p>From 189$USD\/night<\/p>\n<h3>Tipo B+<\/h3>\n<p>1 Habitaci\u00f3n, Loft, 1 Ba\u00f1o - Hasta 3 Personas<\/p>\n<p>                                    <\/a><br \/>\n                                <a href=\"https:\/\/hotelplayacolibri.com\/es\/accommodation\/type-a\/\" ><br \/>\n                                                            <img decoding=\"async\" width=\"605\" height=\"605\" src=\"https:\/\/hotelplayacolibri.com\/wp-content\/uploads\/2019\/03\/a-01-2-605x605.jpg\" alt=\"\" \/>                                                                    <\/p>\n<p>From 269 $USD\/night<\/p>\n<h3>Tipo A<\/h3>\n<p>2 Habitaciones, 2 Ba\u00f1os - Hasta 4 Personas<\/p>\n<p>                                    <\/a><br \/>\n                                <a href=\"https:\/\/hotelplayacolibri.com\/es\/accommodation\/type-a-plus\/\" ><br \/>\n                                                            <img loading=\"lazy\" decoding=\"async\" width=\"605\" height=\"605\" src=\"https:\/\/hotelplayacolibri.com\/wp-content\/uploads\/2019\/03\/a-plus-01-605x605.jpg\" alt=\"\" \/>                                                                    <\/p>\n<p>From 369$USD\/night<\/p>\n<h3>Tipo A+<\/h3>\n<p>2 Habitaciones, Loft, 2 Ba\u00f1os - Hasta 6 Huespedes<\/p>\n<p>                                    <\/a><br \/>\n                                <a href=\"https:\/\/hotelplayacolibri.com\/es\/accommodation\/villa\/\" ><br \/>\n                                                            <img loading=\"lazy\" decoding=\"async\" width=\"605\" height=\"605\" src=\"https:\/\/hotelplayacolibri.com\/wp-content\/uploads\/2019\/04\/MJ4C5383-605x605.jpg\" alt=\"\" \/>                                                                    <\/p>\n<p>From 319$USD\/night<\/p>\n<h3>Villa<\/h3>\n<p>1 Habitaci\u00f3n, Loft 2 Ba\u00f1os - Hasta 5 Huespedes<\/p>\n<p>                                    <\/a><br \/>\n                                <a href=\"https:\/\/hotelplayacolibri.com\/es\/accommodation\/studio\/\" ><br \/>\n                                                            <img loading=\"lazy\" decoding=\"async\" width=\"605\" height=\"605\" src=\"https:\/\/hotelplayacolibri.com\/wp-content\/uploads\/2019\/04\/Tipo-C-01-New-605x605.jpg\" alt=\"\" \/>                                                                    <\/p>\n<p>From 139$USD\/night<\/p>\n<h3>Estudio<\/h3>\n<p>Estudio, 1 Ba\u00f1o - Hasta 2 Personas<\/p>\n<p>                                    <\/a><\/p>\n<h2>\n                        You&#8217;ll love all the amenities we offer!                    <\/h2>\n<\/p>\n<h3>\n\t\t\t\t\t\t\tDesayuno<br \/>\n\t\t\t\t\t<\/h3>\n<p>\n\t\t\t\t\t\tDisfrutar de su caf\u00e9 de la ma\u00f1ana con una vista impresionante de la costa norte.\t\t\t\t\t<\/p>\n<h3>\n\t\t\t\t\t\t\tWi-Fi gratis<br \/>\n\t\t\t\t\t<\/h3>\n<p>\n\t\t\t\t\t\tMant\u00e9ngase conectado en todas las \u00e1reas del hotel con nuestra conexi\u00f3n WiFi gratuita.\t\t\t\t\t<\/p>\n<h3>\n\t\t\t\t\t\t\tBar-Restaurante<br \/>\n\t\t\t\t\t<\/h3>\n<p>\n\t\t\t\t\t\tA\u00f1adir el almuerzo y la cena opciones para su estancia. \u00a1Algo para todos!\t\t\t\t\t<\/p>\n<h3>\n\t\t\t\t\t\t\tUbicaci\u00f3n ideal<br \/>\n\t\t\t\t\t<\/h3>\n<p>\n\t\t\t\t\t\tTenemos una ubicaci\u00f3n ideal y tan solo 1,5 km del centro de Las Terrenas.\t\t\t\t\t<\/p>\n<h3>\n\t\t\t\t\t\t\tAC<br \/>\n\t\t\t\t\t<\/h3>\n<p>\n\t\t\t\t\t\tTodos los apartamentos disponen de aire acondicionado para refescar su estancia.\t\t\t\t\t<\/p>\n<h3>\n\t\t\t\t\t\t\tParqueo Privado<br \/>\n\t\t\t\t\t<\/h3>\n<p>\n\t\t\t\t\t\tYa sea su autom\u00f3vil o motocicleta, su veh\u00edculo esta seguro con nosotros.\t\t\t\t\t<\/p>\n<h3>\n\t\t\t\t\t\t\tSeguridad<br \/>\n\t\t\t\t\t<\/h3>\n<p>\n\t\t\t\t\t\tVigilancia las 24 horas para asegurar un ambiente seguro.\t\t\t\t\t<\/p>\n<h3>\n\t\t\t\t\t\t\tSafety box<br \/>\n\t\t\t\t\t<\/h3>\n<p>\n\t\t\t\t\t\tUna caja de seguridad en cada apartamento.\t\t\t\t\t<\/p>\n<h3>\n                        Cena Rom\u00e1ntica                    <\/h3>\n<p>As the sun slowly melts into the Caribbean Sea, the beach becomes a stage of pure emotion.<br \/>\nBarefoot on warm sand, caressed by the ocean breeze, time seems to pause. The sound of the waves, the golden light of sunset, and the endless horizon create the perfect setting for an intimate and unforgettable moment.<br \/>\nUnder the stars, surrounded by the rhythm of the sea and the magic of the Caribbean, every detail is designed to celebrate love. A table set with elegance, soft lights reflecting on the water, and an atmosphere where romance flows naturally, sincere and timeless.<br \/>\nHere, the sea becomes a witness, the beach a promise, and the Caribbean the perfect embrace for memories meant to last forever.<br \/>\nFor reservations and further information, please contact us via<br \/>\nWhatsApp at +1 829 659 3447.<\/p>\n<h3>\n                        Happy Hour                    <\/h3>\n<p>Disfrute un baile en la puesta de sol junto con un c\u00f3ctel tropical para terminar el d\u00eda. Recuerde traer un amigo porque te damos dos por el precio de uno 16:00-21:00 todos los s\u00e1bados, con un grupo de animadores o un DJ para animar la experiencia!<\/p>\n<h3>\n                        Transporte                    <\/h3>\n<p>The reception department will be glad to organize your transfer to and from airport as well as any part of the country. In case of airport transfers, just let us know your flight details. Some of the rates are the following:<br \/>\nColibri &gt;&gt; Juan Bosch Airport (AZS) Samana \u2013 70 USD<br \/>\nColibri &gt;&gt; Las Americas Airport (SDQ) Santo Domingo \u2013 200 USD<br \/>\nColibri &gt;&gt; Punta Cana Airport (PUJ) Punta Cana \u2013 400 USD<br \/>\nColibri &gt;&gt; Gregorio Luperon Airport (POP) Puerto Plata \u2013 200 USD<br \/>\nOther destinations rates are available upon request.<\/p>\n<p>\t\t            Siguenos en:<br \/>\n\t\t\t\t\t<a href=\"https:\/\/www.facebook.com\/HotelPlayaColibri\" target=\"_blank\"><br \/>\n\t\t\t\t\t\tFacebook<br \/>\n\t\t\t\t\t\t\t\t\t\t\t<\/a><br \/>\n\t\t\t\t\t<a href=\"https:\/\/twitter.com\/HotelColibri01\" target=\"_blank\"><br \/>\n\t\t\t\t\t\tTwitter<br \/>\n\t\t\t\t\t\t\t\t\t\t\t<\/a><br \/>\n\t\t\t\t\t<a href=\"https:\/\/www.instagram.com\/hotelplayacolibri01\" target=\"_blank\"><br \/>\n\t\t\t\t\t\tGoogle-plus<br \/>\n\t\t\t\t\t\t\t\t\t\t\t<\/a><\/p>\n<h2>\n                        \u00bfPREGUNTAS?                    <\/h2>\n<\/p>\n<form enctype=\"multipart\/form-data\" method=\"post\" id=\"form_2ssykv\" action=\"\" >\n<fieldset>\n<input type=\"hidden\" name=\"frm_action\" value=\"create\" \/><br \/>\n<input type=\"hidden\" name=\"form_id\" value=\"2\" \/><br \/>\n<input type=\"hidden\" name=\"frm_hide_fields_2\" id=\"frm_hide_fields_2\" value=\"\" \/><br \/>\n<input type=\"hidden\" name=\"form_key\" value=\"2ssykv\" \/><br \/>\n<input type=\"hidden\" name=\"item_meta[0]\" value=\"\" \/><br \/>\n<input type=\"hidden\" id=\"frm_submit_entry_2\" name=\"frm_submit_entry_2\" value=\"58fe73178f\" \/><input type=\"hidden\" name=\"_wp_http_referer\" value=\"\/wp-admin\/admin-ajax.php\" \/><br \/>\n    <label for=\"field_qy05f8\">Nombre<br \/>\n    <\/label><br \/>\n    <input type=\"text\" id=\"field_qy05f8\" name=\"item_meta[6]\" value=\"\"  placeholder=\"Nombre\" data-invmsg=\"Name no es v\u00e1lido\" aria-invalid=\"false\"  \/><br \/>\n    <label for=\"field_3asv29\">Correo Electronico<br \/>\n        *<br \/>\n    <\/label><br \/>\n    <input type=\"text\" id=\"field_3asv29\" name=\"item_meta[7]\" value=\"\"  placeholder=\"Correo Electronico\" data-reqmsg=\"Email Address cannot be blank.\" aria-required=\"true\" data-invmsg=\"Email Address no es v\u00e1lido\" aria-invalid=\"false\"  \/><br \/>\n    <label for=\"field_2ywico\">Pregunta \/ Comentario<br \/>\n        *<br \/>\n    <\/label><br \/>\n    <input type=\"text\" id=\"field_2ywico\" name=\"item_meta[8]\" value=\"\"  placeholder=\"Pregunta \/ Comentario\" data-reqmsg=\"Question \/ Comment cannot be blank.\" aria-required=\"true\" data-invmsg=\"Question \/ Comment no es v\u00e1lido\" aria-invalid=\"false\"  \/><br \/>\n\t<input type=\"hidden\" name=\"item_key\" value=\"\" \/><br \/>\n\t\t\t<label for=\"field_yq64z\" ><br \/>\n\t\t\t\tSi eres humano, deja este campo en blanco.\t\t\t<\/label><br \/>\n\t\t\t<input  id=\"field_yq64z\" type=\"text\" name=\"item_meta[44]\" value=\"\"  \/><\/p>\n<style>#frm_field_44_container {visibility:hidden;overflow:hidden;width:0;height:0;position:absolute;}<\/style>\n<p><input name=\"frm_state\" type=\"hidden\" value=\"9ZXp2746ccG9QZmzOiFLwI2sjVSQWCg74sNBruPJVdQ=\" \/><br \/>\n<input type=\"submit\" value=\"Enviar\"  \/><br \/>\n<img decoding=\"async\" src=\"https:\/\/hotelplayacolibri.com\/wp-content\/plugins\/formidable\/images\/ajax_loader.gif\" alt=\"Sending\" style=\"visibility:hidden;\" \/><br \/>\n<\/fieldset>\n<input type=\"hidden\" name=\"trp-form-language\" value=\"es\"\/><\/form>","protected":false},"excerpt":{"rendered":"<p>Apartments and Facilities Located on the beautiful coast of Las Ballenas beach in Las Terrenas, Samana, Hotel Playa Colibri offers a family environment with a strong emphasis on guest care. In a tropical garden setting, 45 apartments of varied size &hellip; <a href=\"https:\/\/hotelplayacolibri.com\/es\/\">Read More<\/a><\/p>","protected":false},"author":1,"featured_media":0,"parent":0,"menu_order":4,"comment_status":"closed","ping_status":"closed","template":"","meta":{"footnotes":""},"class_list":["post-73","page","type-page","status-publish","hentry"],"_links":{"self":[{"href":"https:\/\/hotelplayacolibri.com\/es\/wp-json\/wp\/v2\/pages\/73","targetHints":{"allow":["GET"]}}],"collection":[{"href":"https:\/\/hotelplayacolibri.com\/es\/wp-json\/wp\/v2\/pages"}],"about":[{"href":"https:\/\/hotelplayacolibri.com\/es\/wp-json\/wp\/v2\/types\/page"}],"author":[{"embeddable":true,"href":"https:\/\/hotelplayacolibri.com\/es\/wp-json\/wp\/v2\/users\/1"}],"replies":[{"embeddable":true,"href":"https:\/\/hotelplayacolibri.com\/es\/wp-json\/wp\/v2\/comments?post=73"}],"version-history":[{"count":6,"href":"https:\/\/hotelplayacolibri.com\/es\/wp-json\/wp\/v2\/pages\/73\/revisions"}],"predecessor-version":[{"id":2387,"href":"https:\/\/hotelplayacolibri.com\/es\/wp-json\/wp\/v2\/pages\/73\/revisions\/2387"}],"wp:attachment":[{"href":"https:\/\/hotelplayacolibri.com\/es\/wp-json\/wp\/v2\/media?parent=73"}],"curies":[{"name":"wp","href":"https:\/\/api.w.org\/{rel}","templated":true}]}}