{"id":800,"date":"2019-04-15T09:47:15","date_gmt":"2019-04-15T13:47:15","guid":{"rendered":"http:\/\/nuevo.hotelplayacolibri.com\/?page_id=800"},"modified":"2019-04-15T09:52:16","modified_gmt":"2019-04-15T13:52:16","slug":"policy-for-credit-card-transmission-data","status":"publish","type":"page","link":"https:\/\/hotelplayacolibri.com\/es\/policy-for-credit-card-transmission-data\/","title":{"rendered":"Pol\u00edtica para transmisi\u00f3n de datos de tarjetas de cr\u00e9dito."},"content":{"rendered":"<div data-elementor-type=\"wp-post\" data-elementor-id=\"800\" class=\"elementor elementor-800\">\n\t\t\t\t\t\t<section class=\"elementor-section elementor-top-section elementor-element elementor-element-41bec885 elementor-section-boxed elementor-section-height-default elementor-section-height-default\" data-id=\"41bec885\" data-element_type=\"section\" data-e-type=\"section\" data-settings=\"{&quot;background_background&quot;:&quot;classic&quot;}\">\n\t\t\t\t\t\t<div class=\"elementor-container elementor-column-gap-default\">\n\t\t\t\t\t<div class=\"elementor-column elementor-col-100 elementor-top-column elementor-element elementor-element-288742ff\" data-id=\"288742ff\" data-element_type=\"column\" data-e-type=\"column\">\n\t\t\t<div class=\"elementor-widget-wrap elementor-element-populated\">\n\t\t\t\t\t\t<div class=\"elementor-element elementor-element-8a58530 elementor-widget elementor-widget-text-editor\" data-id=\"8a58530\" data-element_type=\"widget\" data-e-type=\"widget\" data-widget_type=\"text-editor.default\">\n\t\t\t\t<div class=\"elementor-widget-container\">\n\t\t\t\t\t\t\t\t\t<h2 style=\"\">Pol\u00edtica para transmisi\u00f3n de datos de tarjetas de cr\u00e9dito.<\/h2>\n<p><br><span style=\"color: rgb(33, 33, 33); font-family: Roboto, arial, sans-serif; font-size: 29px; white-space: pre-wrap;\">Pol\u00edtica para transmisi\u00f3n de datos de tarjetas de cr\u00e9dito.<\/span><\/p>\n<p>                        <strong>Pol\u00edtica<\/strong><\/p>\n<p>Para  Hotel Playa Colibri, la seguridad de nuestros clientes es fundamental, por ello nos comprometemos en garantiza la Seguridad de: pagos en l\u00ednea, transacciones y datos personales.<\/p>\n<p><br><\/p>\n<p>A trav\u00e9s de nuestro portal no se guardan informaciones de tarjeta de cr\u00e9ditos o d\u00e9bito  del usuario, si no que utiliza procesadores terceros de pago ( Servicios Digitales Popular, y su marca Azul) que son los que se encargan de hacer todo el proceso.<\/p>\n<p><br><\/p>\n<p>La informaci\u00f3n del cliente, podr\u00e1 ser divulgada a terceros s\u00f3lo en las siguientes situaciones: cumplir con alg\u00fan requerimiento legal u orden judicial, revisar o completar pagos de cuentas o transferencias a causa de un problema espec\u00edfico, revisar la existencia o situaci\u00f3n de la cuenta para un tercer involucrado.<\/p><p><br><\/p><p><br><\/p><p><br><\/p>\t\t\t\t\t\t\t\t<\/div>\n\t\t\t\t<\/div>\n\t\t\t\t\t<\/div>\n\t\t<\/div>\n\t\t\t\t\t<\/div>\n\t\t<\/section>\n\t\t\t\t<\/div>","protected":false},"excerpt":{"rendered":"<p>Policy for Credit Cards Transmission Data Policy for credit card transmission data Policy For Hotel Playa Colibri the security of our clients is fundamental, that is why we are committed to guarantee the security of: online payments, transactions and personal &hellip; <a href=\"https:\/\/hotelplayacolibri.com\/es\/policy-for-credit-card-transmission-data\/\">Read More<\/a> &hellip; <a href=\"https:\/\/hotelplayacolibri.com\/es\/policy-for-credit-card-transmission-data\/\">Read More<\/a><\/p>","protected":false},"author":1,"featured_media":0,"parent":0,"menu_order":0,"comment_status":"closed","ping_status":"closed","template":"","meta":{"footnotes":""},"class_list":["post-800","page","type-page","status-publish","hentry"],"_links":{"self":[{"href":"https:\/\/hotelplayacolibri.com\/es\/wp-json\/wp\/v2\/pages\/800","targetHints":{"allow":["GET"]}}],"collection":[{"href":"https:\/\/hotelplayacolibri.com\/es\/wp-json\/wp\/v2\/pages"}],"about":[{"href":"https:\/\/hotelplayacolibri.com\/es\/wp-json\/wp\/v2\/types\/page"}],"author":[{"embeddable":true,"href":"https:\/\/hotelplayacolibri.com\/es\/wp-json\/wp\/v2\/users\/1"}],"replies":[{"embeddable":true,"href":"https:\/\/hotelplayacolibri.com\/es\/wp-json\/wp\/v2\/comments?post=800"}],"version-history":[{"count":4,"href":"https:\/\/hotelplayacolibri.com\/es\/wp-json\/wp\/v2\/pages\/800\/revisions"}],"predecessor-version":[{"id":804,"href":"https:\/\/hotelplayacolibri.com\/es\/wp-json\/wp\/v2\/pages\/800\/revisions\/804"}],"wp:attachment":[{"href":"https:\/\/hotelplayacolibri.com\/es\/wp-json\/wp\/v2\/media?parent=800"}],"curies":[{"name":"wp","href":"https:\/\/api.w.org\/{rel}","templated":true}]}}