{"id":474,"date":"2019-04-02T09:10:26","date_gmt":"2019-04-02T13:10:26","guid":{"rendered":"http:\/\/nuevo.hotelplayacolibri.com\/?post_type=product&#038;p=474"},"modified":"2022-03-13T12:07:59","modified_gmt":"2022-03-13T16:07:59","slug":"type-b-plus","status":"publish","type":"product","link":"https:\/\/hotelplayacolibri.com\/es\/producto\/type-b-plus\/","title":{"rendered":"Tipo B+"},"content":{"rendered":"<p>\t\t\t\t\t\t<!-- Created with Elementor --><!-- Created with Elementor --><!-- Created with Elementor --><!-- Created with Elementor --><!-- Created with Elementor --><!-- Created with Elementor --><!-- Created with Elementor --><!-- Created with Elementor --><\/p>","protected":false},"excerpt":{"rendered":"<h4>1 Habitaci\u00f3n, 1 Ba\u00f1o - Hasta 2 Personas<\/h4>\n<p>Ubicado en el tercer piso con vista al mar, cada unidad tiene un dormitorio con aire acondicionado con una cama de matrimonio, un ba\u00f1o y un altillo con una cama individual situado en la sala de estar independiente - cocina.<\/p>\n<p>Como la escalera hasta el desv\u00e1n es vertical, que s\u00f3lo permite invitados de 12 a\u00f1os y m\u00e1s. Para los hu\u00e9spedes m\u00e1s mayores, se recomienda una unidad diferente. A medida que se solicita la vista al mar, incluso despu\u00e9s de los clientes que viajan solos, lo mejor es reservar con mucha antelaci\u00f3n.<\/p>\n<p>\t\t &hellip; <a href=\"https:\/\/hotelplayacolibri.com\/es\/producto\/type-b-plus\/\">Read More<\/a><\/p>","protected":false},"featured_media":337,"template":"","meta":[],"product_brand":[],"product_cat":[38],"product_tag":[],"class_list":{"0":"post-474","1":"product","2":"type-product","3":"status-publish","4":"has-post-thumbnail","6":"product_cat-type-b-4","8":"first","9":"instock","10":"shipping-taxable","11":"purchasable","12":"product-type-simple"},"_links":{"self":[{"href":"https:\/\/hotelplayacolibri.com\/es\/wp-json\/wp\/v2\/product\/474","targetHints":{"allow":["GET"]}}],"collection":[{"href":"https:\/\/hotelplayacolibri.com\/es\/wp-json\/wp\/v2\/product"}],"about":[{"href":"https:\/\/hotelplayacolibri.com\/es\/wp-json\/wp\/v2\/types\/product"}],"version-history":[{"count":8,"href":"https:\/\/hotelplayacolibri.com\/es\/wp-json\/wp\/v2\/product\/474\/revisions"}],"predecessor-version":[{"id":1137,"href":"https:\/\/hotelplayacolibri.com\/es\/wp-json\/wp\/v2\/product\/474\/revisions\/1137"}],"wp:featuredmedia":[{"embeddable":true,"href":"https:\/\/hotelplayacolibri.com\/es\/wp-json\/wp\/v2\/media\/337"}],"wp:attachment":[{"href":"https:\/\/hotelplayacolibri.com\/es\/wp-json\/wp\/v2\/media?parent=474"}],"wp:term":[{"taxonomy":"product_brand","embeddable":true,"href":"https:\/\/hotelplayacolibri.com\/es\/wp-json\/wp\/v2\/product_brand?post=474"},{"taxonomy":"product_cat","embeddable":true,"href":"https:\/\/hotelplayacolibri.com\/es\/wp-json\/wp\/v2\/product_cat?post=474"},{"taxonomy":"product_tag","embeddable":true,"href":"https:\/\/hotelplayacolibri.com\/es\/wp-json\/wp\/v2\/product_tag?post=474"}],"curies":[{"name":"wp","href":"https:\/\/api.w.org\/{rel}","templated":true}]}}